{"id":35,"date":"2026-02-11T10:35:31","date_gmt":"2026-02-11T10:35:31","guid":{"rendered":"https:\/\/sofiamartinezaroca.fpcei.eu\/?page_id=35"},"modified":"2026-02-11T10:35:31","modified_gmt":"2026-02-11T10:35:31","slug":"personajes-principales","status":"publish","type":"page","link":"https:\/\/sofiamartinezaroca.fpcei.eu\/?page_id=35","title":{"rendered":"Personajes principales"},"content":{"rendered":"\n<div class=\"wp-block-media-text is-stacked-on-mobile\" style=\"grid-template-columns:46% auto\"><figure class=\"wp-block-media-text__media\"><img loading=\"lazy\" decoding=\"async\" width=\"576\" height=\"351\" src=\"https:\/\/sofiamartinezaroca.fpcei.eu\/wp-content\/uploads\/2026\/02\/IMG_0484.jpeg\" alt=\"\" class=\"wp-image-36 size-full\" srcset=\"https:\/\/sofiamartinezaroca.fpcei.eu\/wp-content\/uploads\/2026\/02\/IMG_0484.jpeg 576w, https:\/\/sofiamartinezaroca.fpcei.eu\/wp-content\/uploads\/2026\/02\/IMG_0484-300x183.jpeg 300w\" sizes=\"auto, (max-width: 576px) 100vw, 576px\" \/><\/figure><div class=\"wp-block-media-text__content\">\n<p><mark style=\"background-color:rgba(0, 0, 0, 0);color:#cf2e2e\" class=\"has-inline-color\"><em><strong>Eleven<\/strong><\/em><\/mark><\/p>\n\n\n\n<p>Once es una ni\u00f1a con poderes ps\u00edquicos como la telequinesis. Escap\u00f3 de un laboratorio secreto y es clave para enfrentarse al Mundo del Rev\u00e9s.<br><\/p>\n<\/div><\/div>\n\n\n\n<div class=\"wp-block-columns is-layout-flex wp-container-core-columns-is-layout-28f84493 wp-block-columns-is-layout-flex\">\n<div class=\"wp-block-column is-layout-flow wp-block-column-is-layout-flow\">\n<div class=\"wp-block-media-text has-media-on-the-right is-stacked-on-mobile\" style=\"grid-template-columns:auto 38%\"><div class=\"wp-block-media-text__content\">\n<p><strong>Mike Wheeler<\/strong><\/p>\n\n\n\n<p>Amigo leal y protector del grupo. Es inteligente y tiene una relaci\u00f3n muy cercana con Once.<\/p>\n<\/div><figure class=\"wp-block-media-text__media\"><img loading=\"lazy\" decoding=\"async\" width=\"474\" height=\"474\" src=\"https:\/\/sofiamartinezaroca.fpcei.eu\/wp-content\/uploads\/2026\/02\/IMG_0485-5.jpeg\" alt=\"\" class=\"wp-image-42 size-full\" srcset=\"https:\/\/sofiamartinezaroca.fpcei.eu\/wp-content\/uploads\/2026\/02\/IMG_0485-5.jpeg 474w, https:\/\/sofiamartinezaroca.fpcei.eu\/wp-content\/uploads\/2026\/02\/IMG_0485-5-300x300.jpeg 300w, https:\/\/sofiamartinezaroca.fpcei.eu\/wp-content\/uploads\/2026\/02\/IMG_0485-5-150x150.jpeg 150w\" sizes=\"auto, (max-width: 474px) 100vw, 474px\" \/><\/figure><\/div>\n<\/div>\n<\/div>\n\n\n\n<div class=\"wp-block-columns is-layout-flex wp-container-core-columns-is-layout-28f84493 wp-block-columns-is-layout-flex\">\n<div class=\"wp-block-column is-layout-flow wp-block-column-is-layout-flow\">\n<div class=\"wp-block-columns is-layout-flex wp-container-core-columns-is-layout-28f84493 wp-block-columns-is-layout-flex\">\n<div class=\"wp-block-column is-layout-flow wp-block-column-is-layout-flow\">\n<div class=\"wp-block-columns is-layout-flex wp-container-core-columns-is-layout-28f84493 wp-block-columns-is-layout-flex\">\n<div class=\"wp-block-column is-layout-flow wp-block-column-is-layout-flow\"><\/div>\n\n\n\n<div class=\"wp-block-column is-layout-flow wp-block-column-is-layout-flow\"><\/div>\n<\/div>\n<\/div>\n\n\n\n<div class=\"wp-block-column is-layout-flow wp-block-column-is-layout-flow\"><\/div>\n<\/div>\n\n\n\n<div class=\"wp-block-media-text is-stacked-on-mobile\" style=\"grid-template-columns:46% auto\"><figure class=\"wp-block-media-text__media\"><img loading=\"lazy\" decoding=\"async\" width=\"1024\" height=\"961\" src=\"https:\/\/sofiamartinezaroca.fpcei.eu\/wp-content\/uploads\/2026\/02\/IMG_0487-1-1024x961.jpeg\" alt=\"\" class=\"wp-image-44 size-full\" srcset=\"https:\/\/sofiamartinezaroca.fpcei.eu\/wp-content\/uploads\/2026\/02\/IMG_0487-1-1024x961.jpeg 1024w, https:\/\/sofiamartinezaroca.fpcei.eu\/wp-content\/uploads\/2026\/02\/IMG_0487-1-300x282.jpeg 300w, https:\/\/sofiamartinezaroca.fpcei.eu\/wp-content\/uploads\/2026\/02\/IMG_0487-1-768x721.jpeg 768w, https:\/\/sofiamartinezaroca.fpcei.eu\/wp-content\/uploads\/2026\/02\/IMG_0487-1.jpeg 1390w\" sizes=\"auto, (max-width: 1024px) 100vw, 1024px\" \/><\/figure><div class=\"wp-block-media-text__content\">\n<p><strong>Dustin Henderson<\/strong><\/p>\n\n\n\n<p>Divertido y curioso, destaca por su buen humor y su capacidad para unir al grupo.<\/p>\n<\/div><\/div>\n<\/div>\n<\/div>\n\n\n\n<div class=\"wp-block-media-text has-media-on-the-right is-stacked-on-mobile\"><div class=\"wp-block-media-text__content\">\n<p>Lucas Sinclair<\/p>\n\n\n\n<p>Valiente y realista. Aunque al principio desconf\u00eda de Once, demuestra ser un gran amigo.<br><\/p>\n<\/div><figure class=\"wp-block-media-text__media\"><img loading=\"lazy\" decoding=\"async\" width=\"1024\" height=\"1008\" src=\"https:\/\/sofiamartinezaroca.fpcei.eu\/wp-content\/uploads\/2026\/02\/IMG_0499-1-1024x1008.jpeg\" alt=\"\" class=\"wp-image-48 size-full\" srcset=\"https:\/\/sofiamartinezaroca.fpcei.eu\/wp-content\/uploads\/2026\/02\/IMG_0499-1-1024x1008.jpeg 1024w, https:\/\/sofiamartinezaroca.fpcei.eu\/wp-content\/uploads\/2026\/02\/IMG_0499-1-300x295.jpeg 300w, https:\/\/sofiamartinezaroca.fpcei.eu\/wp-content\/uploads\/2026\/02\/IMG_0499-1-768x756.jpeg 768w, https:\/\/sofiamartinezaroca.fpcei.eu\/wp-content\/uploads\/2026\/02\/IMG_0499-1.jpeg 1365w\" sizes=\"auto, (max-width: 1024px) 100vw, 1024px\" \/><\/figure><\/div>\n\n\n\n<div class=\"wp-block-media-text is-stacked-on-mobile\"><figure class=\"wp-block-media-text__media\"><img loading=\"lazy\" decoding=\"async\" width=\"1022\" height=\"1024\" src=\"https:\/\/sofiamartinezaroca.fpcei.eu\/wp-content\/uploads\/2026\/02\/IMG_0500-1022x1024.jpeg\" alt=\"\" class=\"wp-image-49 size-full\" srcset=\"https:\/\/sofiamartinezaroca.fpcei.eu\/wp-content\/uploads\/2026\/02\/IMG_0500-1022x1024.jpeg 1022w, https:\/\/sofiamartinezaroca.fpcei.eu\/wp-content\/uploads\/2026\/02\/IMG_0500-300x300.jpeg 300w, https:\/\/sofiamartinezaroca.fpcei.eu\/wp-content\/uploads\/2026\/02\/IMG_0500-150x150.jpeg 150w, https:\/\/sofiamartinezaroca.fpcei.eu\/wp-content\/uploads\/2026\/02\/IMG_0500-768x769.jpeg 768w, https:\/\/sofiamartinezaroca.fpcei.eu\/wp-content\/uploads\/2026\/02\/IMG_0500.jpeg 1362w\" sizes=\"auto, (max-width: 1022px) 100vw, 1022px\" \/><\/figure><div class=\"wp-block-media-text__content\">\n<p>Will Byers<\/p>\n\n\n\n<p>Su desaparici\u00f3n inicia la historia. Es sensible y tiene una conexi\u00f3n especial con el Mundo del Rev\u00e9s.<br><\/p>\n<\/div><\/div>\n\n\n\n<div class=\"wp-block-media-text has-media-on-the-right is-stacked-on-mobile\"><div class=\"wp-block-media-text__content\">\n<p>Max Mayfield<\/p>\n\n\n\n<p>Chica fuerte e independiente. Se integra en el grupo y entabla una gran amistad con Once.<br><\/p>\n<\/div><figure class=\"wp-block-media-text__media\"><img loading=\"lazy\" decoding=\"async\" width=\"1015\" height=\"1024\" src=\"https:\/\/sofiamartinezaroca.fpcei.eu\/wp-content\/uploads\/2026\/02\/IMG_0501-1015x1024.jpeg\" alt=\"\" class=\"wp-image-50 size-full\" srcset=\"https:\/\/sofiamartinezaroca.fpcei.eu\/wp-content\/uploads\/2026\/02\/IMG_0501-1015x1024.jpeg 1015w, https:\/\/sofiamartinezaroca.fpcei.eu\/wp-content\/uploads\/2026\/02\/IMG_0501-297x300.jpeg 297w, https:\/\/sofiamartinezaroca.fpcei.eu\/wp-content\/uploads\/2026\/02\/IMG_0501-150x150.jpeg 150w, https:\/\/sofiamartinezaroca.fpcei.eu\/wp-content\/uploads\/2026\/02\/IMG_0501-768x775.jpeg 768w, https:\/\/sofiamartinezaroca.fpcei.eu\/wp-content\/uploads\/2026\/02\/IMG_0501.jpeg 1353w\" sizes=\"auto, (max-width: 1015px) 100vw, 1015px\" \/><\/figure><\/div>\n\n\n\n<div class=\"wp-block-media-text is-stacked-on-mobile\"><figure class=\"wp-block-media-text__media\"><img loading=\"lazy\" decoding=\"async\" width=\"1014\" height=\"1024\" src=\"https:\/\/sofiamartinezaroca.fpcei.eu\/wp-content\/uploads\/2026\/02\/IMG_0502-1014x1024.jpeg\" alt=\"\" class=\"wp-image-51 size-full\" srcset=\"https:\/\/sofiamartinezaroca.fpcei.eu\/wp-content\/uploads\/2026\/02\/IMG_0502-1014x1024.jpeg 1014w, https:\/\/sofiamartinezaroca.fpcei.eu\/wp-content\/uploads\/2026\/02\/IMG_0502-297x300.jpeg 297w, https:\/\/sofiamartinezaroca.fpcei.eu\/wp-content\/uploads\/2026\/02\/IMG_0502-150x150.jpeg 150w, https:\/\/sofiamartinezaroca.fpcei.eu\/wp-content\/uploads\/2026\/02\/IMG_0502-768x775.jpeg 768w, https:\/\/sofiamartinezaroca.fpcei.eu\/wp-content\/uploads\/2026\/02\/IMG_0502.jpeg 1353w\" sizes=\"auto, (max-width: 1014px) 100vw, 1014px\" \/><\/figure><div class=\"wp-block-media-text__content\">\n<p>Joyce Byers<\/p>\n\n\n\n<p>Madre de Will, muy protectora y decidida a salvar a su hijo pase lo que pase.<br><\/p>\n<\/div><\/div>\n\n\n\n<div class=\"wp-block-media-text has-media-on-the-right is-stacked-on-mobile\"><div class=\"wp-block-media-text__content\">\n<p>Jim Hopper<\/p>\n\n\n\n<p>Jefe de polic\u00eda de Hawkins, serio pero con buen coraz\u00f3n. Protege a Once como un padre.<br><\/p>\n<\/div><figure class=\"wp-block-media-text__media\"><img loading=\"lazy\" decoding=\"async\" width=\"1020\" height=\"1024\" src=\"https:\/\/sofiamartinezaroca.fpcei.eu\/wp-content\/uploads\/2026\/02\/IMG_0503-1020x1024.jpeg\" alt=\"\" class=\"wp-image-52 size-full\" srcset=\"https:\/\/sofiamartinezaroca.fpcei.eu\/wp-content\/uploads\/2026\/02\/IMG_0503-1020x1024.jpeg 1020w, https:\/\/sofiamartinezaroca.fpcei.eu\/wp-content\/uploads\/2026\/02\/IMG_0503-300x300.jpeg 300w, https:\/\/sofiamartinezaroca.fpcei.eu\/wp-content\/uploads\/2026\/02\/IMG_0503-150x150.jpeg 150w, https:\/\/sofiamartinezaroca.fpcei.eu\/wp-content\/uploads\/2026\/02\/IMG_0503-768x771.jpeg 768w, https:\/\/sofiamartinezaroca.fpcei.eu\/wp-content\/uploads\/2026\/02\/IMG_0503.jpeg 1356w\" sizes=\"auto, (max-width: 1020px) 100vw, 1020px\" \/><\/figure><\/div>\n\n\n\n<div class=\"wp-block-media-text is-stacked-on-mobile\"><figure class=\"wp-block-media-text__media\"><img loading=\"lazy\" decoding=\"async\" width=\"1018\" height=\"1024\" src=\"https:\/\/sofiamartinezaroca.fpcei.eu\/wp-content\/uploads\/2026\/02\/IMG_0504-1018x1024.jpeg\" alt=\"\" class=\"wp-image-53 size-full\" srcset=\"https:\/\/sofiamartinezaroca.fpcei.eu\/wp-content\/uploads\/2026\/02\/IMG_0504-1018x1024.jpeg 1018w, https:\/\/sofiamartinezaroca.fpcei.eu\/wp-content\/uploads\/2026\/02\/IMG_0504-298x300.jpeg 298w, https:\/\/sofiamartinezaroca.fpcei.eu\/wp-content\/uploads\/2026\/02\/IMG_0504-150x150.jpeg 150w, https:\/\/sofiamartinezaroca.fpcei.eu\/wp-content\/uploads\/2026\/02\/IMG_0504-768x773.jpeg 768w, https:\/\/sofiamartinezaroca.fpcei.eu\/wp-content\/uploads\/2026\/02\/IMG_0504.jpeg 1354w\" sizes=\"auto, (max-width: 1018px) 100vw, 1018px\" \/><\/figure><div class=\"wp-block-media-text__content\">\n<p> <strong>Jonathan Byers y Nancy Wheeler<\/strong><\/p>\n\n\n\n<p>Jonathan es el hermano mayor de Will, reservado y sensible. Nancy es decidida y valiente, siempre busca la verdad. Juntos investigan los misterios de Hawkins y forman una gran pareja.<\/p>\n<\/div><\/div>\n\n\n\n<div class=\"wp-block-media-text has-media-on-the-right is-stacked-on-mobile\"><div class=\"wp-block-media-text__content\">\n<p><strong>Steve Harrington<\/strong><\/p>\n\n\n\n<p>Al principio es el chico popular del instituto, pero evoluciona mucho a lo largo de la serie. Se vuelve valiente, protector y muy querido por su forma de cuidar a los dem\u00e1s.<\/p>\n<\/div><figure class=\"wp-block-media-text__media\"><img loading=\"lazy\" decoding=\"async\" width=\"1022\" height=\"1024\" src=\"https:\/\/sofiamartinezaroca.fpcei.eu\/wp-content\/uploads\/2026\/02\/IMG_0505-1022x1024.jpeg\" alt=\"\" class=\"wp-image-54 size-full\" srcset=\"https:\/\/sofiamartinezaroca.fpcei.eu\/wp-content\/uploads\/2026\/02\/IMG_0505-1022x1024.jpeg 1022w, https:\/\/sofiamartinezaroca.fpcei.eu\/wp-content\/uploads\/2026\/02\/IMG_0505-300x300.jpeg 300w, https:\/\/sofiamartinezaroca.fpcei.eu\/wp-content\/uploads\/2026\/02\/IMG_0505-150x150.jpeg 150w, https:\/\/sofiamartinezaroca.fpcei.eu\/wp-content\/uploads\/2026\/02\/IMG_0505-768x770.jpeg 768w, https:\/\/sofiamartinezaroca.fpcei.eu\/wp-content\/uploads\/2026\/02\/IMG_0505.jpeg 1357w\" sizes=\"auto, (max-width: 1022px) 100vw, 1022px\" \/><\/figure><\/div>\n\n\n\n<p><\/p>\n","protected":false},"excerpt":{"rendered":"<p>Eleven Once es una ni\u00f1a con poderes ps\u00edquicos como la telequinesis. Escap\u00f3 de un laboratorio secreto y es clave para enfrentarse al Mundo del Rev\u00e9s. Mike Wheeler Amigo leal y protector del grupo. Es inteligente y tiene una relaci\u00f3n muy cercana con Once. Dustin Henderson Divertido y curioso, destaca por su buen humor y su&#8230;<\/p>\n","protected":false},"author":2,"featured_media":0,"parent":0,"menu_order":0,"comment_status":"closed","ping_status":"closed","template":"","meta":{"footnotes":""},"class_list":["post-35","page","type-page","status-publish","hentry"],"jetpack_sharing_enabled":true,"_links":{"self":[{"href":"https:\/\/sofiamartinezaroca.fpcei.eu\/index.php?rest_route=\/wp\/v2\/pages\/35","targetHints":{"allow":["GET"]}}],"collection":[{"href":"https:\/\/sofiamartinezaroca.fpcei.eu\/index.php?rest_route=\/wp\/v2\/pages"}],"about":[{"href":"https:\/\/sofiamartinezaroca.fpcei.eu\/index.php?rest_route=\/wp\/v2\/types\/page"}],"author":[{"embeddable":true,"href":"https:\/\/sofiamartinezaroca.fpcei.eu\/index.php?rest_route=\/wp\/v2\/users\/2"}],"replies":[{"embeddable":true,"href":"https:\/\/sofiamartinezaroca.fpcei.eu\/index.php?rest_route=%2Fwp%2Fv2%2Fcomments&post=35"}],"version-history":[{"count":2,"href":"https:\/\/sofiamartinezaroca.fpcei.eu\/index.php?rest_route=\/wp\/v2\/pages\/35\/revisions"}],"predecessor-version":[{"id":100,"href":"https:\/\/sofiamartinezaroca.fpcei.eu\/index.php?rest_route=\/wp\/v2\/pages\/35\/revisions\/100"}],"wp:attachment":[{"href":"https:\/\/sofiamartinezaroca.fpcei.eu\/index.php?rest_route=%2Fwp%2Fv2%2Fmedia&parent=35"}],"curies":[{"name":"wp","href":"https:\/\/api.w.org\/{rel}","templated":true}]}}