{"id":117,"date":"2026-02-28T21:38:04","date_gmt":"2026-02-28T21:38:04","guid":{"rendered":"https:\/\/sofiamartinezaroca.fpcei.eu\/?page_id=117"},"modified":"2026-02-28T21:38:04","modified_gmt":"2026-02-28T21:38:04","slug":"mounstruos","status":"publish","type":"page","link":"https:\/\/sofiamartinezaroca.fpcei.eu\/?page_id=117","title":{"rendered":"Mounstruos"},"content":{"rendered":"\n<div class=\"wp-block-media-text is-stacked-on-mobile\"><figure class=\"wp-block-media-text__media\"><img loading=\"lazy\" decoding=\"async\" width=\"1024\" height=\"998\" src=\"https:\/\/sofiamartinezaroca.fpcei.eu\/wp-content\/uploads\/2026\/02\/IMG_0616-1024x998.jpeg\" alt=\"\" class=\"wp-image-120 size-full\" srcset=\"https:\/\/sofiamartinezaroca.fpcei.eu\/wp-content\/uploads\/2026\/02\/IMG_0616-1024x998.jpeg 1024w, https:\/\/sofiamartinezaroca.fpcei.eu\/wp-content\/uploads\/2026\/02\/IMG_0616-300x292.jpeg 300w, https:\/\/sofiamartinezaroca.fpcei.eu\/wp-content\/uploads\/2026\/02\/IMG_0616-768x748.jpeg 768w, https:\/\/sofiamartinezaroca.fpcei.eu\/wp-content\/uploads\/2026\/02\/IMG_0616.jpeg 1401w\" sizes=\"auto, (max-width: 1024px) 100vw, 1024px\" \/><\/figure><div class=\"wp-block-media-text__content\">\n<p><strong>Demogorgon<\/strong><\/p>\n\n\n\n<p><strong>Es el primer monstruo que aparece en la serie. Vive en el Upside Down y funciona como un depredador puro: caza, ataca y se mueve entre dimensiones abriendo portales. No tiene rostro humano; su cabeza se abre como una flor llena de dientes. Se siente como una criatura instintiva, casi animal. El nombre lo toman de <a href=\"chatgpt:\/\/generic-entity?number=0\"><strong>Dungeons &amp; Dragons<\/strong><\/a>, aunque la versi\u00f3n de la serie es diferente al del juego.<\/strong><\/p>\n<\/div><\/div>\n\n\n\n<div class=\"wp-block-media-text is-stacked-on-mobile\"><figure class=\"wp-block-media-text__media\"><img loading=\"lazy\" decoding=\"async\" width=\"1024\" height=\"683\" src=\"https:\/\/sofiamartinezaroca.fpcei.eu\/wp-content\/uploads\/2026\/02\/IMG_0596-1-1024x683.jpeg\" alt=\"\" class=\"wp-image-121 size-full\" srcset=\"https:\/\/sofiamartinezaroca.fpcei.eu\/wp-content\/uploads\/2026\/02\/IMG_0596-1-1024x683.jpeg 1024w, https:\/\/sofiamartinezaroca.fpcei.eu\/wp-content\/uploads\/2026\/02\/IMG_0596-1-300x200.jpeg 300w, https:\/\/sofiamartinezaroca.fpcei.eu\/wp-content\/uploads\/2026\/02\/IMG_0596-1-768x512.jpeg 768w, https:\/\/sofiamartinezaroca.fpcei.eu\/wp-content\/uploads\/2026\/02\/IMG_0596-1-1536x1024.jpeg 1536w, https:\/\/sofiamartinezaroca.fpcei.eu\/wp-content\/uploads\/2026\/02\/IMG_0596-1.jpeg 1813w\" sizes=\"auto, (max-width: 1024px) 100vw, 1024px\" \/><\/figure><div class=\"wp-block-media-text__content\">\n<p>Mind Flayer (Azotamentes)<\/p>\n\n\n\n<p>Es la gran entidad oscura del Upside Down. No es simplemente un monstruo f\u00edsico, sino una inteligencia superior que controla a otras criaturas como si fueran extensiones de su voluntad. Puede poseer personas y manipularlas desde dentro, como hizo con Will. Tiene forma de sombra gigantesca con aspecto de ara\u00f1a. Su nombre tambi\u00e9n proviene de <a href=\"chatgpt:\/\/generic-entity?number=1\">Dungeons &amp; Dragons<\/a>.<\/p>\n<\/div><\/div>\n\n\n\n<div class=\"wp-block-media-text is-stacked-on-mobile\"><figure class=\"wp-block-media-text__media\"><img loading=\"lazy\" decoding=\"async\" width=\"1008\" height=\"1024\" src=\"https:\/\/sofiamartinezaroca.fpcei.eu\/wp-content\/uploads\/2026\/02\/IMG_0615-1008x1024.jpeg\" alt=\"\" class=\"wp-image-122 size-full\" srcset=\"https:\/\/sofiamartinezaroca.fpcei.eu\/wp-content\/uploads\/2026\/02\/IMG_0615-1008x1024.jpeg 1008w, https:\/\/sofiamartinezaroca.fpcei.eu\/wp-content\/uploads\/2026\/02\/IMG_0615-295x300.jpeg 295w, https:\/\/sofiamartinezaroca.fpcei.eu\/wp-content\/uploads\/2026\/02\/IMG_0615-768x780.jpeg 768w, https:\/\/sofiamartinezaroca.fpcei.eu\/wp-content\/uploads\/2026\/02\/IMG_0615.jpeg 1352w\" sizes=\"auto, (max-width: 1008px) 100vw, 1008px\" \/><\/figure><div class=\"wp-block-media-text__content\">\n<p>El Monstruo de Carne (Temporada 3)<\/p>\n\n\n\n<p>Es una manifestaci\u00f3n f\u00edsica del Mind Flayer creada a partir de cuerpos humanos derretidos. No es una criatura independiente, sino una extensi\u00f3n del Azotamentes en el mundo real. Est\u00e1 compuesto por masa org\u00e1nica unida de manera grotesca, lo que lo convierte en uno de los dise\u00f1os m\u00e1s perturbadores de la serie.<\/p>\n<\/div><\/div>\n\n\n\n<div class=\"wp-block-media-text is-stacked-on-mobile\"><figure class=\"wp-block-media-text__media\"><img loading=\"lazy\" decoding=\"async\" width=\"1024\" height=\"970\" src=\"https:\/\/sofiamartinezaroca.fpcei.eu\/wp-content\/uploads\/2026\/02\/IMG_0621-1024x970.jpeg\" alt=\"\" class=\"wp-image-125 size-full\" srcset=\"https:\/\/sofiamartinezaroca.fpcei.eu\/wp-content\/uploads\/2026\/02\/IMG_0621-1024x970.jpeg 1024w, https:\/\/sofiamartinezaroca.fpcei.eu\/wp-content\/uploads\/2026\/02\/IMG_0621-300x284.jpeg 300w, https:\/\/sofiamartinezaroca.fpcei.eu\/wp-content\/uploads\/2026\/02\/IMG_0621-768x728.jpeg 768w, https:\/\/sofiamartinezaroca.fpcei.eu\/wp-content\/uploads\/2026\/02\/IMG_0621.jpeg 1444w\" sizes=\"auto, (max-width: 1024px) 100vw, 1024px\" \/><\/figure><div class=\"wp-block-media-text__content\">\n<p>Vecna<\/p>\n\n\n\n<p>Es el antagonista principal de la cuarta temporada. A diferencia de los dem\u00e1s, tiene origen humano y poderes ps\u00edquicos extremadamente fuertes. Ataca a sus v\u00edctimas entrando en sus mentes, explotando sus traumas y culpas antes de matarlas. Es mucho m\u00e1s consciente y calculador que las otras criaturas. Su concepto est\u00e1 inspirado en villanos cl\u00e1sicos del terror como Freddy Krueger de <a href=\"chatgpt:\/\/generic-entity?number=2\">A Nightmare on Elm Street<\/a>, y su nombre tambi\u00e9n viene de <a href=\"chatgpt:\/\/generic-entity?number=3\">Dungeons &amp; Dragons<\/a>.<\/p>\n<\/div><\/div>\n\n\n\n<div class=\"wp-block-media-text is-stacked-on-mobile\"><figure class=\"wp-block-media-text__media\"><img loading=\"lazy\" decoding=\"async\" width=\"1008\" height=\"1024\" src=\"https:\/\/sofiamartinezaroca.fpcei.eu\/wp-content\/uploads\/2026\/02\/IMG_0620-1008x1024.jpeg\" alt=\"\" class=\"wp-image-124 size-full\" srcset=\"https:\/\/sofiamartinezaroca.fpcei.eu\/wp-content\/uploads\/2026\/02\/IMG_0620-1008x1024.jpeg 1008w, https:\/\/sofiamartinezaroca.fpcei.eu\/wp-content\/uploads\/2026\/02\/IMG_0620-295x300.jpeg 295w, https:\/\/sofiamartinezaroca.fpcei.eu\/wp-content\/uploads\/2026\/02\/IMG_0620-768x781.jpeg 768w, https:\/\/sofiamartinezaroca.fpcei.eu\/wp-content\/uploads\/2026\/02\/IMG_0620.jpeg 1348w\" sizes=\"auto, (max-width: 1008px) 100vw, 1008px\" \/><\/figure><div class=\"wp-block-media-text__content\">\n<p>Demobats<\/p>\n\n\n\n<p>Son criaturas voladoras del Upside Down con apariencia de murci\u00e9lagos. Act\u00faan en enjambres y sirven como guardianes, especialmente en torno a Vecna. Aunque no tienen la complejidad de otros antagonistas, representan el peligro constante del entorno del Upside Down.<\/p>\n<\/div><\/div>\n","protected":false},"excerpt":{"rendered":"<p>Demogorgon Es el primer monstruo que aparece en la serie. Vive en el Upside Down y funciona como un depredador puro: caza, ataca y se mueve entre dimensiones abriendo portales. No tiene rostro humano; su cabeza se abre como una flor llena de dientes. Se siente como una criatura instintiva, casi animal. El nombre lo&#8230;<\/p>\n","protected":false},"author":2,"featured_media":0,"parent":0,"menu_order":0,"comment_status":"closed","ping_status":"closed","template":"","meta":{"footnotes":""},"class_list":["post-117","page","type-page","status-publish","hentry"],"jetpack_sharing_enabled":true,"_links":{"self":[{"href":"https:\/\/sofiamartinezaroca.fpcei.eu\/index.php?rest_route=\/wp\/v2\/pages\/117","targetHints":{"allow":["GET"]}}],"collection":[{"href":"https:\/\/sofiamartinezaroca.fpcei.eu\/index.php?rest_route=\/wp\/v2\/pages"}],"about":[{"href":"https:\/\/sofiamartinezaroca.fpcei.eu\/index.php?rest_route=\/wp\/v2\/types\/page"}],"author":[{"embeddable":true,"href":"https:\/\/sofiamartinezaroca.fpcei.eu\/index.php?rest_route=\/wp\/v2\/users\/2"}],"replies":[{"embeddable":true,"href":"https:\/\/sofiamartinezaroca.fpcei.eu\/index.php?rest_route=%2Fwp%2Fv2%2Fcomments&post=117"}],"version-history":[{"count":2,"href":"https:\/\/sofiamartinezaroca.fpcei.eu\/index.php?rest_route=\/wp\/v2\/pages\/117\/revisions"}],"predecessor-version":[{"id":126,"href":"https:\/\/sofiamartinezaroca.fpcei.eu\/index.php?rest_route=\/wp\/v2\/pages\/117\/revisions\/126"}],"wp:attachment":[{"href":"https:\/\/sofiamartinezaroca.fpcei.eu\/index.php?rest_route=%2Fwp%2Fv2%2Fmedia&parent=117"}],"curies":[{"name":"wp","href":"https:\/\/api.w.org\/{rel}","templated":true}]}}